{"id":163,"date":"2025-05-18T19:29:38","date_gmt":"2025-05-18T19:29:38","guid":{"rendered":"https:\/\/belibertarian.com\/?page_id=163"},"modified":"2025-05-18T19:30:11","modified_gmt":"2025-05-18T19:30:11","slug":"%f0%9f%94%90-politica-de-proteccion-de-datos-rgpd","status":"publish","type":"page","link":"https:\/\/belibertarian.com\/?page_id=163","title":{"rendered":"\ud83d\udd10\u00a0Pol\u00edtica\u00a0de\u00a0Protecci\u00f3n\u00a0de\u00a0Datos (RGPD)"},"content":{"rendered":"\n<h3 class=\"wp-block-heading\">1.&nbsp;Responsable&nbsp;del&nbsp;tratamiento<\/h3>\n\n\n\n<p>Rub\u00e9n\u00a0del\u00a0Pr\u00e9stamo\u00a0Gil \u2013\u00a0<a>info@belibertarian.com<\/a><\/p>\n\n\n\n<h3 class=\"wp-block-heading\">2.&nbsp;Finalidad&nbsp;del&nbsp;tratamiento<\/h3>\n\n\n\n<p>Recogemos&nbsp;tus&nbsp;datos&nbsp;para&nbsp;gestionar&nbsp;pedidos,&nbsp;ofrecer&nbsp;atenci\u00f3n&nbsp;al&nbsp;cliente,&nbsp;enviar&nbsp;comunicaciones (si&nbsp;te&nbsp;suscribes)&nbsp;y&nbsp;cumplir&nbsp;con&nbsp;obligaciones&nbsp;legales.<\/p>\n\n\n\n<h3 class=\"wp-block-heading\">3.&nbsp;Legitimaci\u00f3n<\/h3>\n\n\n\n<p>La&nbsp;base&nbsp;legal&nbsp;es&nbsp;tu&nbsp;consentimiento&nbsp;expreso,&nbsp;la&nbsp;ejecuci\u00f3n&nbsp;de&nbsp;un&nbsp;contrato (pedido)&nbsp;o&nbsp;el&nbsp;cumplimiento&nbsp;de&nbsp;obligaciones&nbsp;legales.<\/p>\n\n\n\n<h3 class=\"wp-block-heading\">4.&nbsp;Destinatarios<\/h3>\n\n\n\n<p>No&nbsp;cedemos&nbsp;tus&nbsp;datos&nbsp;a&nbsp;terceros,&nbsp;salvo&nbsp;obligaci\u00f3n&nbsp;legal&nbsp;o&nbsp;proveedores&nbsp;necesarios (transportistas,&nbsp;pasarelas&nbsp;de&nbsp;pago).<\/p>\n\n\n\n<h3 class=\"wp-block-heading\">5.&nbsp;Derechos<\/h3>\n\n\n\n<p>Puedes&nbsp;acceder,&nbsp;rectificar,&nbsp;cancelar&nbsp;o&nbsp;limitar&nbsp;el&nbsp;uso&nbsp;de&nbsp;tus&nbsp;datos&nbsp;escribi\u00e9ndonos&nbsp;a&nbsp;<a>contacto@belibertarian.com<\/a>.&nbsp;Tambi\u00e9n&nbsp;puedes&nbsp;presentar&nbsp;una&nbsp;reclamaci\u00f3n&nbsp;ante&nbsp;la&nbsp;AEPD.<\/p>\n\n\n\n<h3 class=\"wp-block-heading\">6.&nbsp;Conservaci\u00f3n<\/h3>\n\n\n\n<p>Tus&nbsp;datos&nbsp;se&nbsp;conservar\u00e1n&nbsp;mientras&nbsp;dure&nbsp;la&nbsp;relaci\u00f3n&nbsp;comercial&nbsp;o&nbsp;hasta&nbsp;que&nbsp;solicites&nbsp;su&nbsp;eliminaci\u00f3n.<\/p>\n","protected":false},"excerpt":{"rendered":"<p>1.&nbsp;Responsable&nbsp;del&nbsp;tratamiento Rub\u00e9n\u00a0del\u00a0Pr\u00e9stamo\u00a0Gil \u2013\u00a0info@belibertarian.com 2.&nbsp;Finalidad&nbsp;del&nbsp;tratamiento Recogemos&nbsp;tus&nbsp;datos&nbsp;para&nbsp;gestionar&nbsp;pedidos,&nbsp;ofrecer&nbsp;atenci\u00f3n&nbsp;al&nbsp;cliente,&nbsp;enviar&nbsp;comunicaciones (si&nbsp;te&nbsp;suscribes)&nbsp;y&nbsp;cumplir&nbsp;con&nbsp;obligaciones&nbsp;legales. 3.&nbsp;Legitimaci\u00f3n La&nbsp;base&nbsp;legal&nbsp;es&nbsp;tu&nbsp;consentimiento&nbsp;expreso,&nbsp;la&nbsp;ejecuci\u00f3n&nbsp;de&nbsp;un&nbsp;contrato (pedido)&nbsp;o&nbsp;el&nbsp;cumplimiento&nbsp;de&nbsp;obligaciones&nbsp;legales. 4.&nbsp;Destinatarios No&nbsp;cedemos&nbsp;tus&nbsp;datos&nbsp;a&nbsp;terceros,&nbsp;salvo&nbsp;obligaci\u00f3n&nbsp;legal&nbsp;o&nbsp;proveedores&nbsp;necesarios (transportistas,&nbsp;pasarelas&nbsp;de&nbsp;pago). 5.&nbsp;Derechos Puedes&nbsp;acceder,&nbsp;rectificar,&nbsp;cancelar&nbsp;o&nbsp;limitar&nbsp;el&nbsp;uso&nbsp;de&nbsp;tus&nbsp;datos&nbsp;escribi\u00e9ndonos&nbsp;a&nbsp;contacto@belibertarian.com.&nbsp;Tambi\u00e9n&nbsp;puedes&nbsp;presentar&nbsp;una&nbsp;reclamaci\u00f3n&nbsp;ante&nbsp;la&nbsp;AEPD. 6.&nbsp;Conservaci\u00f3n Tus&nbsp;datos&nbsp;se&nbsp;conservar\u00e1n&nbsp;mientras&nbsp;dure&nbsp;la&nbsp;relaci\u00f3n&nbsp;comercial&nbsp;o&nbsp;hasta&nbsp;que&nbsp;solicites&nbsp;su&nbsp;eliminaci\u00f3n.<\/p>\n","protected":false},"author":1,"featured_media":0,"parent":0,"menu_order":0,"comment_status":"closed","ping_status":"closed","template":"","meta":{"_joinchat":[],"footnotes":""},"class_list":["post-163","page","type-page","status-publish","hentry"],"yoast_head":"<!-- This site is optimized with the Yoast SEO plugin v24.5 - https:\/\/yoast.com\/wordpress\/plugins\/seo\/ -->\n<title>\ud83d\udd10\u00a0Pol\u00edtica\u00a0de\u00a0Protecci\u00f3n\u00a0de\u00a0Datos (RGPD) - BeLibertarian<\/title>\n<meta name=\"robots\" content=\"index, follow, max-snippet:-1, max-image-preview:large, max-video-preview:-1\" \/>\n<link rel=\"canonical\" href=\"https:\/\/belibertarian.com\/?page_id=163\" \/>\n<meta property=\"og:locale\" content=\"es_ES\" \/>\n<meta property=\"og:type\" content=\"article\" \/>\n<meta property=\"og:title\" content=\"\ud83d\udd10\u00a0Pol\u00edtica\u00a0de\u00a0Protecci\u00f3n\u00a0de\u00a0Datos (RGPD) - BeLibertarian\" \/>\n<meta property=\"og:description\" content=\"1.&nbsp;Responsable&nbsp;del&nbsp;tratamiento Rub\u00e9n\u00a0del\u00a0Pr\u00e9stamo\u00a0Gil \u2013\u00a0info@belibertarian.com 2.&nbsp;Finalidad&nbsp;del&nbsp;tratamiento Recogemos&nbsp;tus&nbsp;datos&nbsp;para&nbsp;gestionar&nbsp;pedidos,&nbsp;ofrecer&nbsp;atenci\u00f3n&nbsp;al&nbsp;cliente,&nbsp;enviar&nbsp;comunicaciones (si&nbsp;te&nbsp;suscribes)&nbsp;y&nbsp;cumplir&nbsp;con&nbsp;obligaciones&nbsp;legales. 3.&nbsp;Legitimaci\u00f3n La&nbsp;base&nbsp;legal&nbsp;es&nbsp;tu&nbsp;consentimiento&nbsp;expreso,&nbsp;la&nbsp;ejecuci\u00f3n&nbsp;de&nbsp;un&nbsp;contrato (pedido)&nbsp;o&nbsp;el&nbsp;cumplimiento&nbsp;de&nbsp;obligaciones&nbsp;legales. 4.&nbsp;Destinatarios No&nbsp;cedemos&nbsp;tus&nbsp;datos&nbsp;a&nbsp;terceros,&nbsp;salvo&nbsp;obligaci\u00f3n&nbsp;legal&nbsp;o&nbsp;proveedores&nbsp;necesarios (transportistas,&nbsp;pasarelas&nbsp;de&nbsp;pago). 5.&nbsp;Derechos Puedes&nbsp;acceder,&nbsp;rectificar,&nbsp;cancelar&nbsp;o&nbsp;limitar&nbsp;el&nbsp;uso&nbsp;de&nbsp;tus&nbsp;datos&nbsp;escribi\u00e9ndonos&nbsp;a&nbsp;contacto@belibertarian.com.&nbsp;Tambi\u00e9n&nbsp;puedes&nbsp;presentar&nbsp;una&nbsp;reclamaci\u00f3n&nbsp;ante&nbsp;la&nbsp;AEPD. 6.&nbsp;Conservaci\u00f3n Tus&nbsp;datos&nbsp;se&nbsp;conservar\u00e1n&nbsp;mientras&nbsp;dure&nbsp;la&nbsp;relaci\u00f3n&nbsp;comercial&nbsp;o&nbsp;hasta&nbsp;que&nbsp;solicites&nbsp;su&nbsp;eliminaci\u00f3n.\" \/>\n<meta property=\"og:url\" content=\"https:\/\/belibertarian.com\/?page_id=163\" \/>\n<meta property=\"og:site_name\" content=\"BeLibertarian\" \/>\n<meta property=\"article:modified_time\" content=\"2025-05-18T19:30:11+00:00\" \/>\n<meta name=\"twitter:card\" content=\"summary_large_image\" \/>\n<meta name=\"twitter:label1\" content=\"Tiempo de lectura\" \/>\n\t<meta name=\"twitter:data1\" content=\"1 minuto\" \/>\n<script type=\"application\/ld+json\" class=\"yoast-schema-graph\">{\"@context\":\"https:\/\/schema.org\",\"@graph\":[{\"@type\":\"WebPage\",\"@id\":\"https:\/\/belibertarian.com\/?page_id=163\",\"url\":\"https:\/\/belibertarian.com\/?page_id=163\",\"name\":\"\ud83d\udd10\u00a0Pol\u00edtica\u00a0de\u00a0Protecci\u00f3n\u00a0de\u00a0Datos (RGPD) - BeLibertarian\",\"isPartOf\":{\"@id\":\"https:\/\/belibertarian.com\/#website\"},\"datePublished\":\"2025-05-18T19:29:38+00:00\",\"dateModified\":\"2025-05-18T19:30:11+00:00\",\"breadcrumb\":{\"@id\":\"https:\/\/belibertarian.com\/?page_id=163#breadcrumb\"},\"inLanguage\":\"es\",\"potentialAction\":[{\"@type\":\"ReadAction\",\"target\":[\"https:\/\/belibertarian.com\/?page_id=163\"]}]},{\"@type\":\"BreadcrumbList\",\"@id\":\"https:\/\/belibertarian.com\/?page_id=163#breadcrumb\",\"itemListElement\":[{\"@type\":\"ListItem\",\"position\":1,\"name\":\"Portada\",\"item\":\"https:\/\/belibertarian.com\/\"},{\"@type\":\"ListItem\",\"position\":2,\"name\":\"\ud83d\udd10\u00a0Pol\u00edtica\u00a0de\u00a0Protecci\u00f3n\u00a0de\u00a0Datos (RGPD)\"}]},{\"@type\":\"WebSite\",\"@id\":\"https:\/\/belibertarian.com\/#website\",\"url\":\"https:\/\/belibertarian.com\/\",\"name\":\"BeLibertarian\",\"description\":\"Tienda Libertaria\",\"publisher\":{\"@id\":\"https:\/\/belibertarian.com\/#organization\"},\"potentialAction\":[{\"@type\":\"SearchAction\",\"target\":{\"@type\":\"EntryPoint\",\"urlTemplate\":\"https:\/\/belibertarian.com\/?s={search_term_string}\"},\"query-input\":{\"@type\":\"PropertyValueSpecification\",\"valueRequired\":true,\"valueName\":\"search_term_string\"}}],\"inLanguage\":\"es\"},{\"@type\":\"Organization\",\"@id\":\"https:\/\/belibertarian.com\/#organization\",\"name\":\"BeLibertarian\",\"url\":\"https:\/\/belibertarian.com\/\",\"logo\":{\"@type\":\"ImageObject\",\"inLanguage\":\"es\",\"@id\":\"https:\/\/belibertarian.com\/#\/schema\/logo\/image\/\",\"url\":\"https:\/\/belibertarian.com\/wp-content\/uploads\/2024\/07\/cropped-belibertarian-1.png\",\"contentUrl\":\"https:\/\/belibertarian.com\/wp-content\/uploads\/2024\/07\/cropped-belibertarian-1.png\",\"width\":1079,\"height\":1402,\"caption\":\"BeLibertarian\"},\"image\":{\"@id\":\"https:\/\/belibertarian.com\/#\/schema\/logo\/image\/\"}}]}<\/script>\n<!-- \/ Yoast SEO plugin. -->","yoast_head_json":{"title":"\ud83d\udd10\u00a0Pol\u00edtica\u00a0de\u00a0Protecci\u00f3n\u00a0de\u00a0Datos (RGPD) - BeLibertarian","robots":{"index":"index","follow":"follow","max-snippet":"max-snippet:-1","max-image-preview":"max-image-preview:large","max-video-preview":"max-video-preview:-1"},"canonical":"https:\/\/belibertarian.com\/?page_id=163","og_locale":"es_ES","og_type":"article","og_title":"\ud83d\udd10\u00a0Pol\u00edtica\u00a0de\u00a0Protecci\u00f3n\u00a0de\u00a0Datos (RGPD) - BeLibertarian","og_description":"1.&nbsp;Responsable&nbsp;del&nbsp;tratamiento Rub\u00e9n\u00a0del\u00a0Pr\u00e9stamo\u00a0Gil \u2013\u00a0info@belibertarian.com 2.&nbsp;Finalidad&nbsp;del&nbsp;tratamiento Recogemos&nbsp;tus&nbsp;datos&nbsp;para&nbsp;gestionar&nbsp;pedidos,&nbsp;ofrecer&nbsp;atenci\u00f3n&nbsp;al&nbsp;cliente,&nbsp;enviar&nbsp;comunicaciones (si&nbsp;te&nbsp;suscribes)&nbsp;y&nbsp;cumplir&nbsp;con&nbsp;obligaciones&nbsp;legales. 3.&nbsp;Legitimaci\u00f3n La&nbsp;base&nbsp;legal&nbsp;es&nbsp;tu&nbsp;consentimiento&nbsp;expreso,&nbsp;la&nbsp;ejecuci\u00f3n&nbsp;de&nbsp;un&nbsp;contrato (pedido)&nbsp;o&nbsp;el&nbsp;cumplimiento&nbsp;de&nbsp;obligaciones&nbsp;legales. 4.&nbsp;Destinatarios No&nbsp;cedemos&nbsp;tus&nbsp;datos&nbsp;a&nbsp;terceros,&nbsp;salvo&nbsp;obligaci\u00f3n&nbsp;legal&nbsp;o&nbsp;proveedores&nbsp;necesarios (transportistas,&nbsp;pasarelas&nbsp;de&nbsp;pago). 5.&nbsp;Derechos Puedes&nbsp;acceder,&nbsp;rectificar,&nbsp;cancelar&nbsp;o&nbsp;limitar&nbsp;el&nbsp;uso&nbsp;de&nbsp;tus&nbsp;datos&nbsp;escribi\u00e9ndonos&nbsp;a&nbsp;contacto@belibertarian.com.&nbsp;Tambi\u00e9n&nbsp;puedes&nbsp;presentar&nbsp;una&nbsp;reclamaci\u00f3n&nbsp;ante&nbsp;la&nbsp;AEPD. 6.&nbsp;Conservaci\u00f3n Tus&nbsp;datos&nbsp;se&nbsp;conservar\u00e1n&nbsp;mientras&nbsp;dure&nbsp;la&nbsp;relaci\u00f3n&nbsp;comercial&nbsp;o&nbsp;hasta&nbsp;que&nbsp;solicites&nbsp;su&nbsp;eliminaci\u00f3n.","og_url":"https:\/\/belibertarian.com\/?page_id=163","og_site_name":"BeLibertarian","article_modified_time":"2025-05-18T19:30:11+00:00","twitter_card":"summary_large_image","twitter_misc":{"Tiempo de lectura":"1 minuto"},"schema":{"@context":"https:\/\/schema.org","@graph":[{"@type":"WebPage","@id":"https:\/\/belibertarian.com\/?page_id=163","url":"https:\/\/belibertarian.com\/?page_id=163","name":"\ud83d\udd10\u00a0Pol\u00edtica\u00a0de\u00a0Protecci\u00f3n\u00a0de\u00a0Datos (RGPD) - BeLibertarian","isPartOf":{"@id":"https:\/\/belibertarian.com\/#website"},"datePublished":"2025-05-18T19:29:38+00:00","dateModified":"2025-05-18T19:30:11+00:00","breadcrumb":{"@id":"https:\/\/belibertarian.com\/?page_id=163#breadcrumb"},"inLanguage":"es","potentialAction":[{"@type":"ReadAction","target":["https:\/\/belibertarian.com\/?page_id=163"]}]},{"@type":"BreadcrumbList","@id":"https:\/\/belibertarian.com\/?page_id=163#breadcrumb","itemListElement":[{"@type":"ListItem","position":1,"name":"Portada","item":"https:\/\/belibertarian.com\/"},{"@type":"ListItem","position":2,"name":"\ud83d\udd10\u00a0Pol\u00edtica\u00a0de\u00a0Protecci\u00f3n\u00a0de\u00a0Datos (RGPD)"}]},{"@type":"WebSite","@id":"https:\/\/belibertarian.com\/#website","url":"https:\/\/belibertarian.com\/","name":"BeLibertarian","description":"Tienda Libertaria","publisher":{"@id":"https:\/\/belibertarian.com\/#organization"},"potentialAction":[{"@type":"SearchAction","target":{"@type":"EntryPoint","urlTemplate":"https:\/\/belibertarian.com\/?s={search_term_string}"},"query-input":{"@type":"PropertyValueSpecification","valueRequired":true,"valueName":"search_term_string"}}],"inLanguage":"es"},{"@type":"Organization","@id":"https:\/\/belibertarian.com\/#organization","name":"BeLibertarian","url":"https:\/\/belibertarian.com\/","logo":{"@type":"ImageObject","inLanguage":"es","@id":"https:\/\/belibertarian.com\/#\/schema\/logo\/image\/","url":"https:\/\/belibertarian.com\/wp-content\/uploads\/2024\/07\/cropped-belibertarian-1.png","contentUrl":"https:\/\/belibertarian.com\/wp-content\/uploads\/2024\/07\/cropped-belibertarian-1.png","width":1079,"height":1402,"caption":"BeLibertarian"},"image":{"@id":"https:\/\/belibertarian.com\/#\/schema\/logo\/image\/"}}]}},"jetpack_sharing_enabled":true,"_links":{"self":[{"href":"https:\/\/belibertarian.com\/index.php?rest_route=\/wp\/v2\/pages\/163","targetHints":{"allow":["GET"]}}],"collection":[{"href":"https:\/\/belibertarian.com\/index.php?rest_route=\/wp\/v2\/pages"}],"about":[{"href":"https:\/\/belibertarian.com\/index.php?rest_route=\/wp\/v2\/types\/page"}],"author":[{"embeddable":true,"href":"https:\/\/belibertarian.com\/index.php?rest_route=\/wp\/v2\/users\/1"}],"replies":[{"embeddable":true,"href":"https:\/\/belibertarian.com\/index.php?rest_route=%2Fwp%2Fv2%2Fcomments&post=163"}],"version-history":[{"count":2,"href":"https:\/\/belibertarian.com\/index.php?rest_route=\/wp\/v2\/pages\/163\/revisions"}],"predecessor-version":[{"id":165,"href":"https:\/\/belibertarian.com\/index.php?rest_route=\/wp\/v2\/pages\/163\/revisions\/165"}],"wp:attachment":[{"href":"https:\/\/belibertarian.com\/index.php?rest_route=%2Fwp%2Fv2%2Fmedia&parent=163"}],"curies":[{"name":"wp","href":"https:\/\/api.w.org\/{rel}","templated":true}]}}