{"id":161,"date":"2025-05-18T19:28:59","date_gmt":"2025-05-18T19:28:59","guid":{"rendered":"https:\/\/belibertarian.com\/?page_id=161"},"modified":"2025-05-18T19:29:01","modified_gmt":"2025-05-18T19:29:01","slug":"%f0%9f%94%81-politica-de-devoluciones-y-cambios","status":"publish","type":"page","link":"https:\/\/belibertarian.com\/?page_id=161","title":{"rendered":"\ud83d\udd01\u00a0Pol\u00edtica\u00a0de\u00a0Devoluciones\u00a0y\u00a0Cambios"},"content":{"rendered":"\n<h3 class=\"wp-block-heading\">1.&nbsp;Derecho&nbsp;de&nbsp;desistimiento<\/h3>\n\n\n\n<p>Seg\u00fan\u00a0la\u00a0Ley 3\/2014,\u00a0puedes\u00a0devolver\u00a0tu\u00a0pedido\u00a0dentro\u00a0de\u00a0los 14\u00a0d\u00edas\u00a0naturales\u00a0desde\u00a0su\u00a0recepci\u00f3n,\u00a0sin\u00a0necesidad\u00a0de\u00a0justificaci\u00f3n.<br>Para\u00a0ello,\u00a0escr\u00edbenos\u00a0a\u00a0<a>info@belibertarian.com<\/a>\u00a0indicando\u00a0el\u00a0n\u00famero\u00a0de\u00a0pedido\u00a0y\u00a0el\u00a0motivo.<\/p>\n\n\n\n<p><strong>Condiciones:<\/strong><\/p>\n\n\n\n<ul class=\"wp-block-list\">\n<li>El\u00a0producto\u00a0debe\u00a0estar\u00a0sin\u00a0usar,\u00a0en\u00a0su\u00a0embalaje\u00a0original\u00a0y\u00a0en\u00a0perfecto\u00a0estado.<\/li>\n\n\n\n<li>Los\u00a0gastos\u00a0de\u00a0env\u00edo\u00a0de\u00a0la\u00a0devoluci\u00f3n\u00a0corren\u00a0por\u00a0cuenta\u00a0del\u00a0cliente.<\/li>\n<\/ul>\n\n\n\n<h3 class=\"wp-block-heading\">2.&nbsp;Productos&nbsp;defectuosos&nbsp;o&nbsp;error&nbsp;en&nbsp;el&nbsp;pedido<\/h3>\n\n\n\n<p>Si&nbsp;recibes&nbsp;un&nbsp;producto&nbsp;defectuoso&nbsp;o&nbsp;err\u00f3neo,&nbsp;nos&nbsp;haremos&nbsp;cargo&nbsp;de&nbsp;los&nbsp;gastos&nbsp;de&nbsp;devoluci\u00f3n&nbsp;y&nbsp;sustituci\u00f3n.&nbsp;Cont\u00e1ctanos&nbsp;en&nbsp;un&nbsp;plazo&nbsp;de 72&nbsp;horas&nbsp;desde&nbsp;la&nbsp;recepci\u00f3n.<\/p>\n\n\n\n<h3 class=\"wp-block-heading\">3.&nbsp;Reembolso<\/h3>\n\n\n\n<p>Una&nbsp;vez&nbsp;recibida&nbsp;la&nbsp;devoluci\u00f3n&nbsp;y&nbsp;comprobado&nbsp;su&nbsp;estado,&nbsp;te&nbsp;reembolsaremos&nbsp;el&nbsp;importe&nbsp;correspondiente&nbsp;en&nbsp;un&nbsp;plazo&nbsp;de 7&nbsp;d\u00edas&nbsp;naturales,&nbsp;utilizando&nbsp;el&nbsp;mismo&nbsp;m\u00e9todo&nbsp;de&nbsp;pago.<\/p>\n","protected":false},"excerpt":{"rendered":"<p>1.&nbsp;Derecho&nbsp;de&nbsp;desistimiento Seg\u00fan\u00a0la\u00a0Ley 3\/2014,\u00a0puedes\u00a0devolver\u00a0tu\u00a0pedido\u00a0dentro\u00a0de\u00a0los 14\u00a0d\u00edas\u00a0naturales\u00a0desde\u00a0su\u00a0recepci\u00f3n,\u00a0sin\u00a0necesidad\u00a0de\u00a0justificaci\u00f3n.Para\u00a0ello,\u00a0escr\u00edbenos\u00a0a\u00a0info@belibertarian.com\u00a0indicando\u00a0el\u00a0n\u00famero\u00a0de\u00a0pedido\u00a0y\u00a0el\u00a0motivo. Condiciones: 2.&nbsp;Productos&nbsp;defectuosos&nbsp;o&nbsp;error&nbsp;en&nbsp;el&nbsp;pedido Si&nbsp;recibes&nbsp;un&nbsp;producto&nbsp;defectuoso&nbsp;o&nbsp;err\u00f3neo,&nbsp;nos&nbsp;haremos&nbsp;cargo&nbsp;de&nbsp;los&nbsp;gastos&nbsp;de&nbsp;devoluci\u00f3n&nbsp;y&nbsp;sustituci\u00f3n.&nbsp;Cont\u00e1ctanos&nbsp;en&nbsp;un&nbsp;plazo&nbsp;de 72&nbsp;horas&nbsp;desde&nbsp;la&nbsp;recepci\u00f3n. 3.&nbsp;Reembolso Una&nbsp;vez&nbsp;recibida&nbsp;la&nbsp;devoluci\u00f3n&nbsp;y&nbsp;comprobado&nbsp;su&nbsp;estado,&nbsp;te&nbsp;reembolsaremos&nbsp;el&nbsp;importe&nbsp;correspondiente&nbsp;en&nbsp;un&nbsp;plazo&nbsp;de 7&nbsp;d\u00edas&nbsp;naturales,&nbsp;utilizando&nbsp;el&nbsp;mismo&nbsp;m\u00e9todo&nbsp;de&nbsp;pago.<\/p>\n","protected":false},"author":1,"featured_media":0,"parent":0,"menu_order":0,"comment_status":"closed","ping_status":"closed","template":"","meta":{"_joinchat":[],"footnotes":""},"class_list":["post-161","page","type-page","status-publish","hentry"],"yoast_head":"<!-- This site is optimized with the Yoast SEO plugin v24.5 - https:\/\/yoast.com\/wordpress\/plugins\/seo\/ -->\n<title>\ud83d\udd01\u00a0Pol\u00edtica\u00a0de\u00a0Devoluciones\u00a0y\u00a0Cambios - BeLibertarian<\/title>\n<meta name=\"robots\" content=\"index, follow, max-snippet:-1, max-image-preview:large, max-video-preview:-1\" \/>\n<link rel=\"canonical\" href=\"https:\/\/belibertarian.com\/?page_id=161\" \/>\n<meta property=\"og:locale\" content=\"es_ES\" \/>\n<meta property=\"og:type\" content=\"article\" \/>\n<meta property=\"og:title\" content=\"\ud83d\udd01\u00a0Pol\u00edtica\u00a0de\u00a0Devoluciones\u00a0y\u00a0Cambios - BeLibertarian\" \/>\n<meta property=\"og:description\" content=\"1.&nbsp;Derecho&nbsp;de&nbsp;desistimiento Seg\u00fan\u00a0la\u00a0Ley 3\/2014,\u00a0puedes\u00a0devolver\u00a0tu\u00a0pedido\u00a0dentro\u00a0de\u00a0los 14\u00a0d\u00edas\u00a0naturales\u00a0desde\u00a0su\u00a0recepci\u00f3n,\u00a0sin\u00a0necesidad\u00a0de\u00a0justificaci\u00f3n.Para\u00a0ello,\u00a0escr\u00edbenos\u00a0a\u00a0info@belibertarian.com\u00a0indicando\u00a0el\u00a0n\u00famero\u00a0de\u00a0pedido\u00a0y\u00a0el\u00a0motivo. Condiciones: 2.&nbsp;Productos&nbsp;defectuosos&nbsp;o&nbsp;error&nbsp;en&nbsp;el&nbsp;pedido Si&nbsp;recibes&nbsp;un&nbsp;producto&nbsp;defectuoso&nbsp;o&nbsp;err\u00f3neo,&nbsp;nos&nbsp;haremos&nbsp;cargo&nbsp;de&nbsp;los&nbsp;gastos&nbsp;de&nbsp;devoluci\u00f3n&nbsp;y&nbsp;sustituci\u00f3n.&nbsp;Cont\u00e1ctanos&nbsp;en&nbsp;un&nbsp;plazo&nbsp;de 72&nbsp;horas&nbsp;desde&nbsp;la&nbsp;recepci\u00f3n. 3.&nbsp;Reembolso Una&nbsp;vez&nbsp;recibida&nbsp;la&nbsp;devoluci\u00f3n&nbsp;y&nbsp;comprobado&nbsp;su&nbsp;estado,&nbsp;te&nbsp;reembolsaremos&nbsp;el&nbsp;importe&nbsp;correspondiente&nbsp;en&nbsp;un&nbsp;plazo&nbsp;de 7&nbsp;d\u00edas&nbsp;naturales,&nbsp;utilizando&nbsp;el&nbsp;mismo&nbsp;m\u00e9todo&nbsp;de&nbsp;pago.\" \/>\n<meta property=\"og:url\" content=\"https:\/\/belibertarian.com\/?page_id=161\" \/>\n<meta property=\"og:site_name\" content=\"BeLibertarian\" \/>\n<meta property=\"article:modified_time\" content=\"2025-05-18T19:29:01+00:00\" \/>\n<meta name=\"twitter:card\" content=\"summary_large_image\" \/>\n<meta name=\"twitter:label1\" content=\"Tiempo de lectura\" \/>\n\t<meta name=\"twitter:data1\" content=\"1 minuto\" \/>\n<script type=\"application\/ld+json\" class=\"yoast-schema-graph\">{\"@context\":\"https:\/\/schema.org\",\"@graph\":[{\"@type\":\"WebPage\",\"@id\":\"https:\/\/belibertarian.com\/?page_id=161\",\"url\":\"https:\/\/belibertarian.com\/?page_id=161\",\"name\":\"\ud83d\udd01\u00a0Pol\u00edtica\u00a0de\u00a0Devoluciones\u00a0y\u00a0Cambios - BeLibertarian\",\"isPartOf\":{\"@id\":\"https:\/\/belibertarian.com\/#website\"},\"datePublished\":\"2025-05-18T19:28:59+00:00\",\"dateModified\":\"2025-05-18T19:29:01+00:00\",\"breadcrumb\":{\"@id\":\"https:\/\/belibertarian.com\/?page_id=161#breadcrumb\"},\"inLanguage\":\"es\",\"potentialAction\":[{\"@type\":\"ReadAction\",\"target\":[\"https:\/\/belibertarian.com\/?page_id=161\"]}]},{\"@type\":\"BreadcrumbList\",\"@id\":\"https:\/\/belibertarian.com\/?page_id=161#breadcrumb\",\"itemListElement\":[{\"@type\":\"ListItem\",\"position\":1,\"name\":\"Portada\",\"item\":\"https:\/\/belibertarian.com\/\"},{\"@type\":\"ListItem\",\"position\":2,\"name\":\"\ud83d\udd01\u00a0Pol\u00edtica\u00a0de\u00a0Devoluciones\u00a0y\u00a0Cambios\"}]},{\"@type\":\"WebSite\",\"@id\":\"https:\/\/belibertarian.com\/#website\",\"url\":\"https:\/\/belibertarian.com\/\",\"name\":\"BeLibertarian\",\"description\":\"Tienda Libertaria\",\"publisher\":{\"@id\":\"https:\/\/belibertarian.com\/#organization\"},\"potentialAction\":[{\"@type\":\"SearchAction\",\"target\":{\"@type\":\"EntryPoint\",\"urlTemplate\":\"https:\/\/belibertarian.com\/?s={search_term_string}\"},\"query-input\":{\"@type\":\"PropertyValueSpecification\",\"valueRequired\":true,\"valueName\":\"search_term_string\"}}],\"inLanguage\":\"es\"},{\"@type\":\"Organization\",\"@id\":\"https:\/\/belibertarian.com\/#organization\",\"name\":\"BeLibertarian\",\"url\":\"https:\/\/belibertarian.com\/\",\"logo\":{\"@type\":\"ImageObject\",\"inLanguage\":\"es\",\"@id\":\"https:\/\/belibertarian.com\/#\/schema\/logo\/image\/\",\"url\":\"https:\/\/belibertarian.com\/wp-content\/uploads\/2024\/07\/cropped-belibertarian-1.png\",\"contentUrl\":\"https:\/\/belibertarian.com\/wp-content\/uploads\/2024\/07\/cropped-belibertarian-1.png\",\"width\":1079,\"height\":1402,\"caption\":\"BeLibertarian\"},\"image\":{\"@id\":\"https:\/\/belibertarian.com\/#\/schema\/logo\/image\/\"}}]}<\/script>\n<!-- \/ Yoast SEO plugin. -->","yoast_head_json":{"title":"\ud83d\udd01\u00a0Pol\u00edtica\u00a0de\u00a0Devoluciones\u00a0y\u00a0Cambios - BeLibertarian","robots":{"index":"index","follow":"follow","max-snippet":"max-snippet:-1","max-image-preview":"max-image-preview:large","max-video-preview":"max-video-preview:-1"},"canonical":"https:\/\/belibertarian.com\/?page_id=161","og_locale":"es_ES","og_type":"article","og_title":"\ud83d\udd01\u00a0Pol\u00edtica\u00a0de\u00a0Devoluciones\u00a0y\u00a0Cambios - BeLibertarian","og_description":"1.&nbsp;Derecho&nbsp;de&nbsp;desistimiento Seg\u00fan\u00a0la\u00a0Ley 3\/2014,\u00a0puedes\u00a0devolver\u00a0tu\u00a0pedido\u00a0dentro\u00a0de\u00a0los 14\u00a0d\u00edas\u00a0naturales\u00a0desde\u00a0su\u00a0recepci\u00f3n,\u00a0sin\u00a0necesidad\u00a0de\u00a0justificaci\u00f3n.Para\u00a0ello,\u00a0escr\u00edbenos\u00a0a\u00a0info@belibertarian.com\u00a0indicando\u00a0el\u00a0n\u00famero\u00a0de\u00a0pedido\u00a0y\u00a0el\u00a0motivo. Condiciones: 2.&nbsp;Productos&nbsp;defectuosos&nbsp;o&nbsp;error&nbsp;en&nbsp;el&nbsp;pedido Si&nbsp;recibes&nbsp;un&nbsp;producto&nbsp;defectuoso&nbsp;o&nbsp;err\u00f3neo,&nbsp;nos&nbsp;haremos&nbsp;cargo&nbsp;de&nbsp;los&nbsp;gastos&nbsp;de&nbsp;devoluci\u00f3n&nbsp;y&nbsp;sustituci\u00f3n.&nbsp;Cont\u00e1ctanos&nbsp;en&nbsp;un&nbsp;plazo&nbsp;de 72&nbsp;horas&nbsp;desde&nbsp;la&nbsp;recepci\u00f3n. 3.&nbsp;Reembolso Una&nbsp;vez&nbsp;recibida&nbsp;la&nbsp;devoluci\u00f3n&nbsp;y&nbsp;comprobado&nbsp;su&nbsp;estado,&nbsp;te&nbsp;reembolsaremos&nbsp;el&nbsp;importe&nbsp;correspondiente&nbsp;en&nbsp;un&nbsp;plazo&nbsp;de 7&nbsp;d\u00edas&nbsp;naturales,&nbsp;utilizando&nbsp;el&nbsp;mismo&nbsp;m\u00e9todo&nbsp;de&nbsp;pago.","og_url":"https:\/\/belibertarian.com\/?page_id=161","og_site_name":"BeLibertarian","article_modified_time":"2025-05-18T19:29:01+00:00","twitter_card":"summary_large_image","twitter_misc":{"Tiempo de lectura":"1 minuto"},"schema":{"@context":"https:\/\/schema.org","@graph":[{"@type":"WebPage","@id":"https:\/\/belibertarian.com\/?page_id=161","url":"https:\/\/belibertarian.com\/?page_id=161","name":"\ud83d\udd01\u00a0Pol\u00edtica\u00a0de\u00a0Devoluciones\u00a0y\u00a0Cambios - BeLibertarian","isPartOf":{"@id":"https:\/\/belibertarian.com\/#website"},"datePublished":"2025-05-18T19:28:59+00:00","dateModified":"2025-05-18T19:29:01+00:00","breadcrumb":{"@id":"https:\/\/belibertarian.com\/?page_id=161#breadcrumb"},"inLanguage":"es","potentialAction":[{"@type":"ReadAction","target":["https:\/\/belibertarian.com\/?page_id=161"]}]},{"@type":"BreadcrumbList","@id":"https:\/\/belibertarian.com\/?page_id=161#breadcrumb","itemListElement":[{"@type":"ListItem","position":1,"name":"Portada","item":"https:\/\/belibertarian.com\/"},{"@type":"ListItem","position":2,"name":"\ud83d\udd01\u00a0Pol\u00edtica\u00a0de\u00a0Devoluciones\u00a0y\u00a0Cambios"}]},{"@type":"WebSite","@id":"https:\/\/belibertarian.com\/#website","url":"https:\/\/belibertarian.com\/","name":"BeLibertarian","description":"Tienda Libertaria","publisher":{"@id":"https:\/\/belibertarian.com\/#organization"},"potentialAction":[{"@type":"SearchAction","target":{"@type":"EntryPoint","urlTemplate":"https:\/\/belibertarian.com\/?s={search_term_string}"},"query-input":{"@type":"PropertyValueSpecification","valueRequired":true,"valueName":"search_term_string"}}],"inLanguage":"es"},{"@type":"Organization","@id":"https:\/\/belibertarian.com\/#organization","name":"BeLibertarian","url":"https:\/\/belibertarian.com\/","logo":{"@type":"ImageObject","inLanguage":"es","@id":"https:\/\/belibertarian.com\/#\/schema\/logo\/image\/","url":"https:\/\/belibertarian.com\/wp-content\/uploads\/2024\/07\/cropped-belibertarian-1.png","contentUrl":"https:\/\/belibertarian.com\/wp-content\/uploads\/2024\/07\/cropped-belibertarian-1.png","width":1079,"height":1402,"caption":"BeLibertarian"},"image":{"@id":"https:\/\/belibertarian.com\/#\/schema\/logo\/image\/"}}]}},"jetpack_sharing_enabled":true,"_links":{"self":[{"href":"https:\/\/belibertarian.com\/index.php?rest_route=\/wp\/v2\/pages\/161","targetHints":{"allow":["GET"]}}],"collection":[{"href":"https:\/\/belibertarian.com\/index.php?rest_route=\/wp\/v2\/pages"}],"about":[{"href":"https:\/\/belibertarian.com\/index.php?rest_route=\/wp\/v2\/types\/page"}],"author":[{"embeddable":true,"href":"https:\/\/belibertarian.com\/index.php?rest_route=\/wp\/v2\/users\/1"}],"replies":[{"embeddable":true,"href":"https:\/\/belibertarian.com\/index.php?rest_route=%2Fwp%2Fv2%2Fcomments&post=161"}],"version-history":[{"count":1,"href":"https:\/\/belibertarian.com\/index.php?rest_route=\/wp\/v2\/pages\/161\/revisions"}],"predecessor-version":[{"id":162,"href":"https:\/\/belibertarian.com\/index.php?rest_route=\/wp\/v2\/pages\/161\/revisions\/162"}],"wp:attachment":[{"href":"https:\/\/belibertarian.com\/index.php?rest_route=%2Fwp%2Fv2%2Fmedia&parent=161"}],"curies":[{"name":"wp","href":"https:\/\/api.w.org\/{rel}","templated":true}]}}