{"id":157,"date":"2025-05-18T19:25:32","date_gmt":"2025-05-18T19:25:32","guid":{"rendered":"https:\/\/belibertarian.com\/?page_id=157"},"modified":"2025-06-13T08:58:58","modified_gmt":"2025-06-13T08:58:58","slug":"1-informacion-general","status":"publish","type":"page","link":"https:\/\/belibertarian.com\/?page_id=157","title":{"rendered":"T\u00e9rminos y condiciones"},"content":{"rendered":"\n<p>El\u00a0presente\u00a0documento\u00a0regula\u00a0el\u00a0uso\u00a0del\u00a0sitio\u00a0web\u00a0<a class=\"\" href=\"http:\/\/www.belibertarian.com\/\">www.belibertarian.com<\/a> (en\u00a0adelante, \u00abBe\u00a0Libertarian\u00bb).\u00a0Al\u00a0acceder\u00a0a\u00a0esta\u00a0web,\u00a0aceptas\u00a0estos\u00a0t\u00e9rminos\u00a0y\u00a0condiciones.\u00a0Si\u00a0no\u00a0est\u00e1s\u00a0de\u00a0acuerdo,\u00a0por\u00a0favor,\u00a0no\u00a0utilices\u00a0este\u00a0sitio.<\/p>\n\n\n\n<h3 class=\"wp-block-heading\">1.&nbsp;Productos<\/h3>\n\n\n\n<p>Be&nbsp;Libertarian&nbsp;ofrece&nbsp;productos&nbsp;de&nbsp;simbolog\u00eda&nbsp;libertaria&nbsp;para&nbsp;clientes&nbsp;en&nbsp;Espa\u00f1a.&nbsp;Todos&nbsp;los&nbsp;productos&nbsp;est\u00e1n&nbsp;sujetos&nbsp;a&nbsp;disponibilidad.&nbsp;Nos&nbsp;reservamos&nbsp;el&nbsp;derecho&nbsp;de&nbsp;modificar&nbsp;precios,&nbsp;im\u00e1genes&nbsp;o&nbsp;descripciones&nbsp;sin&nbsp;previo&nbsp;aviso.<\/p>\n\n\n\n<h3 class=\"wp-block-heading\">2.&nbsp;Pedidos&nbsp;y&nbsp;pagos<\/h3>\n\n\n\n<p>Los&nbsp;pedidos&nbsp;se&nbsp;realizan&nbsp;a&nbsp;trav\u00e9s&nbsp;de&nbsp;nuestra&nbsp;plataforma&nbsp;WooCommerce.&nbsp;Aceptamos&nbsp;pagos&nbsp;seguros&nbsp;mediante&nbsp;tarjeta&nbsp;de&nbsp;cr\u00e9dito\/d\u00e9bito&nbsp;o&nbsp;plataformas&nbsp;como&nbsp;PayPal.&nbsp;El&nbsp;pedido&nbsp;se&nbsp;considera&nbsp;confirmado&nbsp;al&nbsp;recibir&nbsp;el&nbsp;pago&nbsp;completo.<\/p>\n\n\n\n<h3 class=\"wp-block-heading\">3.&nbsp;Env\u00edos<\/h3>\n\n\n\n<p>Realizamos&nbsp;env\u00edos&nbsp;a&nbsp;toda&nbsp;Espa\u00f1a.&nbsp;Los&nbsp;plazos&nbsp;estimados&nbsp;son&nbsp;de 2&nbsp;a 5&nbsp;d\u00edas&nbsp;laborables,&nbsp;salvo&nbsp;causa&nbsp;mayor.&nbsp;Los&nbsp;gastos&nbsp;de&nbsp;env\u00edo&nbsp;se&nbsp;indican&nbsp;antes&nbsp;de&nbsp;finalizar&nbsp;el&nbsp;pedido.<\/p>\n\n\n\n<h3 class=\"wp-block-heading\">4.&nbsp;Propiedad&nbsp;intelectual<\/h3>\n\n\n\n<p>Todos&nbsp;los&nbsp;contenidos&nbsp;de&nbsp;la&nbsp;web (textos,&nbsp;logos,&nbsp;im\u00e1genes)&nbsp;son&nbsp;propiedad&nbsp;de&nbsp;Be&nbsp;Libertarian&nbsp;o&nbsp;se&nbsp;utilizan&nbsp;con&nbsp;licencia.&nbsp;Est\u00e1&nbsp;prohibido&nbsp;su&nbsp;uso&nbsp;no&nbsp;autorizado.<\/p>\n\n\n\n<h3 class=\"wp-block-heading\">5.&nbsp;Legislaci\u00f3n<\/h3>\n\n\n\n<p>Estos&nbsp;t\u00e9rminos&nbsp;est\u00e1n&nbsp;regidos&nbsp;por&nbsp;la&nbsp;legislaci\u00f3n&nbsp;espa\u00f1ola.&nbsp;Para&nbsp;cualquier&nbsp;conflicto,&nbsp;las&nbsp;partes&nbsp;se&nbsp;someten&nbsp;a&nbsp;los&nbsp;juzgados&nbsp;de&nbsp;Madrid,&nbsp;salvo&nbsp;disposici\u00f3n&nbsp;legal&nbsp;en&nbsp;contrario.<\/p>\n","protected":false},"excerpt":{"rendered":"<p>El\u00a0presente\u00a0documento\u00a0regula\u00a0el\u00a0uso\u00a0del\u00a0sitio\u00a0web\u00a0www.belibertarian.com (en\u00a0adelante, \u00abBe\u00a0Libertarian\u00bb).\u00a0Al\u00a0acceder\u00a0a\u00a0esta\u00a0web,\u00a0aceptas\u00a0estos\u00a0t\u00e9rminos\u00a0y\u00a0condiciones.\u00a0Si\u00a0no\u00a0est\u00e1s\u00a0de\u00a0acuerdo,\u00a0por\u00a0favor,\u00a0no\u00a0utilices\u00a0este\u00a0sitio. 1.&nbsp;Productos Be&nbsp;Libertarian&nbsp;ofrece&nbsp;productos&nbsp;de&nbsp;simbolog\u00eda&nbsp;libertaria&nbsp;para&nbsp;clientes&nbsp;en&nbsp;Espa\u00f1a.&nbsp;Todos&nbsp;los&nbsp;productos&nbsp;est\u00e1n&nbsp;sujetos&nbsp;a&nbsp;disponibilidad.&nbsp;Nos&nbsp;reservamos&nbsp;el&nbsp;derecho&nbsp;de&nbsp;modificar&nbsp;precios,&nbsp;im\u00e1genes&nbsp;o&nbsp;descripciones&nbsp;sin&nbsp;previo&nbsp;aviso. 2.&nbsp;Pedidos&nbsp;y&nbsp;pagos Los&nbsp;pedidos&nbsp;se&nbsp;realizan&nbsp;a&nbsp;trav\u00e9s&nbsp;de&nbsp;nuestra&nbsp;plataforma&nbsp;WooCommerce.&nbsp;Aceptamos&nbsp;pagos&nbsp;seguros&nbsp;mediante&nbsp;tarjeta&nbsp;de&nbsp;cr\u00e9dito\/d\u00e9bito&nbsp;o&nbsp;plataformas&nbsp;como&nbsp;PayPal.&nbsp;El&nbsp;pedido&nbsp;se&nbsp;considera&nbsp;confirmado&nbsp;al&nbsp;recibir&nbsp;el&nbsp;pago&nbsp;completo. 3.&nbsp;Env\u00edos Realizamos&nbsp;env\u00edos&nbsp;a&nbsp;toda&nbsp;Espa\u00f1a.&nbsp;Los&nbsp;plazos&nbsp;estimados&nbsp;son&nbsp;de 2&nbsp;a 5&nbsp;d\u00edas&nbsp;laborables,&nbsp;salvo&nbsp;causa&nbsp;mayor.&nbsp;Los&nbsp;gastos&nbsp;de&nbsp;env\u00edo&nbsp;se&nbsp;indican&nbsp;antes&nbsp;de&nbsp;finalizar&nbsp;el&nbsp;pedido. 4.&nbsp;Propiedad&nbsp;intelectual Todos&nbsp;los&nbsp;contenidos&nbsp;de&nbsp;la&nbsp;web (textos,&nbsp;logos,&nbsp;im\u00e1genes)&nbsp;son&nbsp;propiedad&nbsp;de&nbsp;Be&nbsp;Libertarian&nbsp;o&nbsp;se&nbsp;utilizan&nbsp;con&nbsp;licencia.&nbsp;Est\u00e1&nbsp;prohibido&nbsp;su&nbsp;uso&nbsp;no&nbsp;autorizado. 5.&nbsp;Legislaci\u00f3n Estos&nbsp;t\u00e9rminos&nbsp;est\u00e1n&nbsp;regidos&nbsp;por&nbsp;la&nbsp;legislaci\u00f3n&nbsp;espa\u00f1ola.&nbsp;Para&nbsp;cualquier&nbsp;conflicto,&nbsp;las&nbsp;partes&nbsp;se&nbsp;someten&nbsp;a&nbsp;los&nbsp;juzgados&nbsp;de&nbsp;Madrid,&nbsp;salvo&nbsp;disposici\u00f3n&nbsp;legal&nbsp;en&nbsp;contrario.<\/p>\n","protected":false},"author":1,"featured_media":0,"parent":0,"menu_order":0,"comment_status":"closed","ping_status":"closed","template":"","meta":{"_joinchat":[],"footnotes":""},"class_list":["post-157","page","type-page","status-publish","hentry"],"yoast_head":"<!-- This site is optimized with the Yoast SEO plugin v24.5 - https:\/\/yoast.com\/wordpress\/plugins\/seo\/ -->\n<title>T\u00e9rminos y condiciones - BeLibertarian<\/title>\n<meta name=\"robots\" content=\"index, follow, max-snippet:-1, max-image-preview:large, max-video-preview:-1\" \/>\n<link rel=\"canonical\" href=\"https:\/\/belibertarian.com\/?page_id=157\" \/>\n<meta property=\"og:locale\" content=\"es_ES\" \/>\n<meta property=\"og:type\" content=\"article\" \/>\n<meta property=\"og:title\" content=\"T\u00e9rminos y condiciones - BeLibertarian\" \/>\n<meta property=\"og:description\" content=\"El\u00a0presente\u00a0documento\u00a0regula\u00a0el\u00a0uso\u00a0del\u00a0sitio\u00a0web\u00a0www.belibertarian.com (en\u00a0adelante, \u00abBe\u00a0Libertarian\u00bb).\u00a0Al\u00a0acceder\u00a0a\u00a0esta\u00a0web,\u00a0aceptas\u00a0estos\u00a0t\u00e9rminos\u00a0y\u00a0condiciones.\u00a0Si\u00a0no\u00a0est\u00e1s\u00a0de\u00a0acuerdo,\u00a0por\u00a0favor,\u00a0no\u00a0utilices\u00a0este\u00a0sitio. 1.&nbsp;Productos Be&nbsp;Libertarian&nbsp;ofrece&nbsp;productos&nbsp;de&nbsp;simbolog\u00eda&nbsp;libertaria&nbsp;para&nbsp;clientes&nbsp;en&nbsp;Espa\u00f1a.&nbsp;Todos&nbsp;los&nbsp;productos&nbsp;est\u00e1n&nbsp;sujetos&nbsp;a&nbsp;disponibilidad.&nbsp;Nos&nbsp;reservamos&nbsp;el&nbsp;derecho&nbsp;de&nbsp;modificar&nbsp;precios,&nbsp;im\u00e1genes&nbsp;o&nbsp;descripciones&nbsp;sin&nbsp;previo&nbsp;aviso. 2.&nbsp;Pedidos&nbsp;y&nbsp;pagos Los&nbsp;pedidos&nbsp;se&nbsp;realizan&nbsp;a&nbsp;trav\u00e9s&nbsp;de&nbsp;nuestra&nbsp;plataforma&nbsp;WooCommerce.&nbsp;Aceptamos&nbsp;pagos&nbsp;seguros&nbsp;mediante&nbsp;tarjeta&nbsp;de&nbsp;cr\u00e9dito\/d\u00e9bito&nbsp;o&nbsp;plataformas&nbsp;como&nbsp;PayPal.&nbsp;El&nbsp;pedido&nbsp;se&nbsp;considera&nbsp;confirmado&nbsp;al&nbsp;recibir&nbsp;el&nbsp;pago&nbsp;completo. 3.&nbsp;Env\u00edos Realizamos&nbsp;env\u00edos&nbsp;a&nbsp;toda&nbsp;Espa\u00f1a.&nbsp;Los&nbsp;plazos&nbsp;estimados&nbsp;son&nbsp;de 2&nbsp;a 5&nbsp;d\u00edas&nbsp;laborables,&nbsp;salvo&nbsp;causa&nbsp;mayor.&nbsp;Los&nbsp;gastos&nbsp;de&nbsp;env\u00edo&nbsp;se&nbsp;indican&nbsp;antes&nbsp;de&nbsp;finalizar&nbsp;el&nbsp;pedido. 4.&nbsp;Propiedad&nbsp;intelectual Todos&nbsp;los&nbsp;contenidos&nbsp;de&nbsp;la&nbsp;web (textos,&nbsp;logos,&nbsp;im\u00e1genes)&nbsp;son&nbsp;propiedad&nbsp;de&nbsp;Be&nbsp;Libertarian&nbsp;o&nbsp;se&nbsp;utilizan&nbsp;con&nbsp;licencia.&nbsp;Est\u00e1&nbsp;prohibido&nbsp;su&nbsp;uso&nbsp;no&nbsp;autorizado. 5.&nbsp;Legislaci\u00f3n Estos&nbsp;t\u00e9rminos&nbsp;est\u00e1n&nbsp;regidos&nbsp;por&nbsp;la&nbsp;legislaci\u00f3n&nbsp;espa\u00f1ola.&nbsp;Para&nbsp;cualquier&nbsp;conflicto,&nbsp;las&nbsp;partes&nbsp;se&nbsp;someten&nbsp;a&nbsp;los&nbsp;juzgados&nbsp;de&nbsp;Madrid,&nbsp;salvo&nbsp;disposici\u00f3n&nbsp;legal&nbsp;en&nbsp;contrario.\" \/>\n<meta property=\"og:url\" content=\"https:\/\/belibertarian.com\/?page_id=157\" \/>\n<meta property=\"og:site_name\" content=\"BeLibertarian\" \/>\n<meta property=\"article:modified_time\" content=\"2025-06-13T08:58:58+00:00\" \/>\n<meta name=\"twitter:card\" content=\"summary_large_image\" \/>\n<meta name=\"twitter:label1\" content=\"Tiempo de lectura\" \/>\n\t<meta name=\"twitter:data1\" content=\"1 minuto\" \/>\n<script type=\"application\/ld+json\" class=\"yoast-schema-graph\">{\"@context\":\"https:\/\/schema.org\",\"@graph\":[{\"@type\":\"WebPage\",\"@id\":\"https:\/\/belibertarian.com\/?page_id=157\",\"url\":\"https:\/\/belibertarian.com\/?page_id=157\",\"name\":\"T\u00e9rminos y condiciones - BeLibertarian\",\"isPartOf\":{\"@id\":\"https:\/\/belibertarian.com\/#website\"},\"datePublished\":\"2025-05-18T19:25:32+00:00\",\"dateModified\":\"2025-06-13T08:58:58+00:00\",\"breadcrumb\":{\"@id\":\"https:\/\/belibertarian.com\/?page_id=157#breadcrumb\"},\"inLanguage\":\"es\",\"potentialAction\":[{\"@type\":\"ReadAction\",\"target\":[\"https:\/\/belibertarian.com\/?page_id=157\"]}]},{\"@type\":\"BreadcrumbList\",\"@id\":\"https:\/\/belibertarian.com\/?page_id=157#breadcrumb\",\"itemListElement\":[{\"@type\":\"ListItem\",\"position\":1,\"name\":\"Portada\",\"item\":\"https:\/\/belibertarian.com\/\"},{\"@type\":\"ListItem\",\"position\":2,\"name\":\"T\u00e9rminos y condiciones\"}]},{\"@type\":\"WebSite\",\"@id\":\"https:\/\/belibertarian.com\/#website\",\"url\":\"https:\/\/belibertarian.com\/\",\"name\":\"BeLibertarian\",\"description\":\"Tienda Libertaria\",\"publisher\":{\"@id\":\"https:\/\/belibertarian.com\/#organization\"},\"potentialAction\":[{\"@type\":\"SearchAction\",\"target\":{\"@type\":\"EntryPoint\",\"urlTemplate\":\"https:\/\/belibertarian.com\/?s={search_term_string}\"},\"query-input\":{\"@type\":\"PropertyValueSpecification\",\"valueRequired\":true,\"valueName\":\"search_term_string\"}}],\"inLanguage\":\"es\"},{\"@type\":\"Organization\",\"@id\":\"https:\/\/belibertarian.com\/#organization\",\"name\":\"BeLibertarian\",\"url\":\"https:\/\/belibertarian.com\/\",\"logo\":{\"@type\":\"ImageObject\",\"inLanguage\":\"es\",\"@id\":\"https:\/\/belibertarian.com\/#\/schema\/logo\/image\/\",\"url\":\"https:\/\/belibertarian.com\/wp-content\/uploads\/2024\/07\/cropped-belibertarian-1.png\",\"contentUrl\":\"https:\/\/belibertarian.com\/wp-content\/uploads\/2024\/07\/cropped-belibertarian-1.png\",\"width\":1079,\"height\":1402,\"caption\":\"BeLibertarian\"},\"image\":{\"@id\":\"https:\/\/belibertarian.com\/#\/schema\/logo\/image\/\"}}]}<\/script>\n<!-- \/ Yoast SEO plugin. -->","yoast_head_json":{"title":"T\u00e9rminos y condiciones - BeLibertarian","robots":{"index":"index","follow":"follow","max-snippet":"max-snippet:-1","max-image-preview":"max-image-preview:large","max-video-preview":"max-video-preview:-1"},"canonical":"https:\/\/belibertarian.com\/?page_id=157","og_locale":"es_ES","og_type":"article","og_title":"T\u00e9rminos y condiciones - BeLibertarian","og_description":"El\u00a0presente\u00a0documento\u00a0regula\u00a0el\u00a0uso\u00a0del\u00a0sitio\u00a0web\u00a0www.belibertarian.com (en\u00a0adelante, \u00abBe\u00a0Libertarian\u00bb).\u00a0Al\u00a0acceder\u00a0a\u00a0esta\u00a0web,\u00a0aceptas\u00a0estos\u00a0t\u00e9rminos\u00a0y\u00a0condiciones.\u00a0Si\u00a0no\u00a0est\u00e1s\u00a0de\u00a0acuerdo,\u00a0por\u00a0favor,\u00a0no\u00a0utilices\u00a0este\u00a0sitio. 1.&nbsp;Productos Be&nbsp;Libertarian&nbsp;ofrece&nbsp;productos&nbsp;de&nbsp;simbolog\u00eda&nbsp;libertaria&nbsp;para&nbsp;clientes&nbsp;en&nbsp;Espa\u00f1a.&nbsp;Todos&nbsp;los&nbsp;productos&nbsp;est\u00e1n&nbsp;sujetos&nbsp;a&nbsp;disponibilidad.&nbsp;Nos&nbsp;reservamos&nbsp;el&nbsp;derecho&nbsp;de&nbsp;modificar&nbsp;precios,&nbsp;im\u00e1genes&nbsp;o&nbsp;descripciones&nbsp;sin&nbsp;previo&nbsp;aviso. 2.&nbsp;Pedidos&nbsp;y&nbsp;pagos Los&nbsp;pedidos&nbsp;se&nbsp;realizan&nbsp;a&nbsp;trav\u00e9s&nbsp;de&nbsp;nuestra&nbsp;plataforma&nbsp;WooCommerce.&nbsp;Aceptamos&nbsp;pagos&nbsp;seguros&nbsp;mediante&nbsp;tarjeta&nbsp;de&nbsp;cr\u00e9dito\/d\u00e9bito&nbsp;o&nbsp;plataformas&nbsp;como&nbsp;PayPal.&nbsp;El&nbsp;pedido&nbsp;se&nbsp;considera&nbsp;confirmado&nbsp;al&nbsp;recibir&nbsp;el&nbsp;pago&nbsp;completo. 3.&nbsp;Env\u00edos Realizamos&nbsp;env\u00edos&nbsp;a&nbsp;toda&nbsp;Espa\u00f1a.&nbsp;Los&nbsp;plazos&nbsp;estimados&nbsp;son&nbsp;de 2&nbsp;a 5&nbsp;d\u00edas&nbsp;laborables,&nbsp;salvo&nbsp;causa&nbsp;mayor.&nbsp;Los&nbsp;gastos&nbsp;de&nbsp;env\u00edo&nbsp;se&nbsp;indican&nbsp;antes&nbsp;de&nbsp;finalizar&nbsp;el&nbsp;pedido. 4.&nbsp;Propiedad&nbsp;intelectual Todos&nbsp;los&nbsp;contenidos&nbsp;de&nbsp;la&nbsp;web (textos,&nbsp;logos,&nbsp;im\u00e1genes)&nbsp;son&nbsp;propiedad&nbsp;de&nbsp;Be&nbsp;Libertarian&nbsp;o&nbsp;se&nbsp;utilizan&nbsp;con&nbsp;licencia.&nbsp;Est\u00e1&nbsp;prohibido&nbsp;su&nbsp;uso&nbsp;no&nbsp;autorizado. 5.&nbsp;Legislaci\u00f3n Estos&nbsp;t\u00e9rminos&nbsp;est\u00e1n&nbsp;regidos&nbsp;por&nbsp;la&nbsp;legislaci\u00f3n&nbsp;espa\u00f1ola.&nbsp;Para&nbsp;cualquier&nbsp;conflicto,&nbsp;las&nbsp;partes&nbsp;se&nbsp;someten&nbsp;a&nbsp;los&nbsp;juzgados&nbsp;de&nbsp;Madrid,&nbsp;salvo&nbsp;disposici\u00f3n&nbsp;legal&nbsp;en&nbsp;contrario.","og_url":"https:\/\/belibertarian.com\/?page_id=157","og_site_name":"BeLibertarian","article_modified_time":"2025-06-13T08:58:58+00:00","twitter_card":"summary_large_image","twitter_misc":{"Tiempo de lectura":"1 minuto"},"schema":{"@context":"https:\/\/schema.org","@graph":[{"@type":"WebPage","@id":"https:\/\/belibertarian.com\/?page_id=157","url":"https:\/\/belibertarian.com\/?page_id=157","name":"T\u00e9rminos y condiciones - BeLibertarian","isPartOf":{"@id":"https:\/\/belibertarian.com\/#website"},"datePublished":"2025-05-18T19:25:32+00:00","dateModified":"2025-06-13T08:58:58+00:00","breadcrumb":{"@id":"https:\/\/belibertarian.com\/?page_id=157#breadcrumb"},"inLanguage":"es","potentialAction":[{"@type":"ReadAction","target":["https:\/\/belibertarian.com\/?page_id=157"]}]},{"@type":"BreadcrumbList","@id":"https:\/\/belibertarian.com\/?page_id=157#breadcrumb","itemListElement":[{"@type":"ListItem","position":1,"name":"Portada","item":"https:\/\/belibertarian.com\/"},{"@type":"ListItem","position":2,"name":"T\u00e9rminos y condiciones"}]},{"@type":"WebSite","@id":"https:\/\/belibertarian.com\/#website","url":"https:\/\/belibertarian.com\/","name":"BeLibertarian","description":"Tienda Libertaria","publisher":{"@id":"https:\/\/belibertarian.com\/#organization"},"potentialAction":[{"@type":"SearchAction","target":{"@type":"EntryPoint","urlTemplate":"https:\/\/belibertarian.com\/?s={search_term_string}"},"query-input":{"@type":"PropertyValueSpecification","valueRequired":true,"valueName":"search_term_string"}}],"inLanguage":"es"},{"@type":"Organization","@id":"https:\/\/belibertarian.com\/#organization","name":"BeLibertarian","url":"https:\/\/belibertarian.com\/","logo":{"@type":"ImageObject","inLanguage":"es","@id":"https:\/\/belibertarian.com\/#\/schema\/logo\/image\/","url":"https:\/\/belibertarian.com\/wp-content\/uploads\/2024\/07\/cropped-belibertarian-1.png","contentUrl":"https:\/\/belibertarian.com\/wp-content\/uploads\/2024\/07\/cropped-belibertarian-1.png","width":1079,"height":1402,"caption":"BeLibertarian"},"image":{"@id":"https:\/\/belibertarian.com\/#\/schema\/logo\/image\/"}}]}},"jetpack_sharing_enabled":true,"_links":{"self":[{"href":"https:\/\/belibertarian.com\/index.php?rest_route=\/wp\/v2\/pages\/157","targetHints":{"allow":["GET"]}}],"collection":[{"href":"https:\/\/belibertarian.com\/index.php?rest_route=\/wp\/v2\/pages"}],"about":[{"href":"https:\/\/belibertarian.com\/index.php?rest_route=\/wp\/v2\/types\/page"}],"author":[{"embeddable":true,"href":"https:\/\/belibertarian.com\/index.php?rest_route=\/wp\/v2\/users\/1"}],"replies":[{"embeddable":true,"href":"https:\/\/belibertarian.com\/index.php?rest_route=%2Fwp%2Fv2%2Fcomments&post=157"}],"version-history":[{"count":3,"href":"https:\/\/belibertarian.com\/index.php?rest_route=\/wp\/v2\/pages\/157\/revisions"}],"predecessor-version":[{"id":205,"href":"https:\/\/belibertarian.com\/index.php?rest_route=\/wp\/v2\/pages\/157\/revisions\/205"}],"wp:attachment":[{"href":"https:\/\/belibertarian.com\/index.php?rest_route=%2Fwp%2Fv2%2Fmedia&parent=157"}],"curies":[{"name":"wp","href":"https:\/\/api.w.org\/{rel}","templated":true}]}}